{"id":8,"date":"2024-02-19T13:40:51","date_gmt":"2024-02-19T16:40:51","guid":{"rendered":"https:\/\/agemark.com.br\/projetos\/aporteira\/?page_id=8"},"modified":"2024-03-01T15:38:58","modified_gmt":"2024-03-01T18:38:58","slug":"principal","status":"publish","type":"page","link":"https:\/\/agemark.com.br\/projetos\/aporteira\/","title":{"rendered":"Principal"},"content":{"rendered":"\t\t<div data-elementor-type=\"wp-page\" data-elementor-id=\"8\" class=\"elementor elementor-8\" data-elementor-post-type=\"page\">\n\t\t\t\t<div class=\"elementor-element elementor-element-5cebe5c e-con-full e-flex e-con e-parent\" data-id=\"5cebe5c\" data-element_type=\"container\" data-settings=\"{&quot;content_width&quot;:&quot;full&quot;}\" data-core-v316-plus=\"true\">\n\t\t\t\t<div class=\"elementor-element elementor-element-2810915 elementor--h-position-center elementor--v-position-middle elementor-arrows-position-inside elementor-pagination-position-inside elementor-widget elementor-widget-slides\" data-id=\"2810915\" data-element_type=\"widget\" data-settings=\"{&quot;navigation&quot;:&quot;both&quot;,&quot;autoplay&quot;:&quot;yes&quot;,&quot;pause_on_hover&quot;:&quot;yes&quot;,&quot;pause_on_interaction&quot;:&quot;yes&quot;,&quot;autoplay_speed&quot;:5000,&quot;infinite&quot;:&quot;yes&quot;,&quot;transition&quot;:&quot;slide&quot;,&quot;transition_speed&quot;:500}\" data-widget_type=\"slides.default\">\n\t\t\t\t<div class=\"elementor-widget-container\">\n\t\t\t<style>\/*! elementor-pro - v3.19.0 - 07-02-2024 *\/\n.elementor-slides .swiper-slide-bg{background-size:cover;background-position:50%;background-repeat:no-repeat;min-width:100%;min-height:100%}.elementor-slides .swiper-slide-inner{background-repeat:no-repeat;background-position:50%;position:absolute;top:0;left:0;bottom:0;right:0;padding:50px;margin:auto}.elementor-slides .swiper-slide-inner,.elementor-slides .swiper-slide-inner:hover{color:#fff;display:flex}.elementor-slides .swiper-slide-inner .elementor-background-overlay{position:absolute;z-index:0;top:0;bottom:0;left:0;right:0}.elementor-slides .swiper-slide-inner .elementor-slide-content{position:relative;z-index:1;width:100%}.elementor-slides .swiper-slide-inner .elementor-slide-heading{font-size:35px;font-weight:700;line-height:1}.elementor-slides .swiper-slide-inner .elementor-slide-description{font-size:17px;line-height:1.4}.elementor-slides .swiper-slide-inner .elementor-slide-description:not(:last-child),.elementor-slides .swiper-slide-inner .elementor-slide-heading:not(:last-child){margin-bottom:30px}.elementor-slides .swiper-slide-inner .elementor-slide-button{border:2px solid #fff;color:#fff;background:transparent;display:inline-block}.elementor-slides .swiper-slide-inner .elementor-slide-button,.elementor-slides .swiper-slide-inner .elementor-slide-button:hover{background:transparent;color:inherit;text-decoration:none}.elementor--v-position-top .swiper-slide-inner{align-items:flex-start}.elementor--v-position-bottom .swiper-slide-inner{align-items:flex-end}.elementor--v-position-middle .swiper-slide-inner{align-items:center}.elementor--h-position-left .swiper-slide-inner{justify-content:flex-start}.elementor--h-position-right .swiper-slide-inner{justify-content:flex-end}.elementor--h-position-center .swiper-slide-inner{justify-content:center}body.rtl .elementor-widget-slides .elementor-swiper-button-next{left:10px;right:auto}body.rtl .elementor-widget-slides .elementor-swiper-button-prev{right:10px;left:auto}.elementor-slides-wrapper div:not(.swiper-slide)>.swiper-slide-inner{display:none}@media (max-width:767px){.elementor-slides .swiper-slide-inner{padding:30px}.elementor-slides .swiper-slide-inner .elementor-slide-heading{font-size:23px;line-height:1;margin-bottom:15px}.elementor-slides .swiper-slide-inner .elementor-slide-description{font-size:13px;line-height:1.4;margin-bottom:15px}}<\/style>\t\t<div class=\"elementor-swiper\">\n\t\t\t<div class=\"elementor-slides-wrapper elementor-main-swiper swiper\" dir=\"ltr\" data-animation=\"fadeInUp\">\n\t\t\t\t<div class=\"swiper-wrapper elementor-slides\">\n\t\t\t\t\t\t\t\t\t\t<div class=\"elementor-repeater-item-8de3d00 swiper-slide\"><div class=\"swiper-slide-bg\" role=\"img\"><\/div><div class=\"swiper-slide-inner\" ><div class=\"swiper-slide-contents\"><\/div><\/div><\/div><div class=\"elementor-repeater-item-686b065 swiper-slide\"><div class=\"swiper-slide-bg\" role=\"img\"><\/div><div class=\"swiper-slide-inner\" ><div class=\"swiper-slide-contents\"><\/div><\/div><\/div>\t\t\t\t<\/div>\n\t\t\t\t\t\t\t\t\t\t\t\t\t\t\t<div class=\"swiper-pagination\"><\/div>\n\t\t\t\t\t\t\t\t\t\t\t\t\t\t\t\t<div class=\"elementor-swiper-button elementor-swiper-button-prev\" role=\"button\" tabindex=\"0\">\n\t\t\t\t\t\t\t<svg aria-hidden=\"true\" class=\"e-font-icon-svg e-eicon-chevron-left\" viewBox=\"0 0 1000 1000\" xmlns=\"http:\/\/www.w3.org\/2000\/svg\"><path d=\"M646 125C629 125 613 133 604 142L308 442C296 454 292 471 292 487 292 504 296 521 308 533L604 854C617 867 629 875 646 875 663 875 679 871 692 858 704 846 713 829 713 812 713 796 708 779 692 767L438 487 692 225C700 217 708 204 708 187 708 171 704 154 692 142 675 129 663 125 646 125Z\"><\/path><\/svg>\t\t\t\t\t\t\t<span class=\"elementor-screen-only\">Slide anterior<\/span>\n\t\t\t\t\t\t<\/div>\n\t\t\t\t\t\t<div class=\"elementor-swiper-button elementor-swiper-button-next\" role=\"button\" tabindex=\"0\">\n\t\t\t\t\t\t\t<svg aria-hidden=\"true\" class=\"e-font-icon-svg e-eicon-chevron-right\" viewBox=\"0 0 1000 1000\" xmlns=\"http:\/\/www.w3.org\/2000\/svg\"><path d=\"M696 533C708 521 713 504 713 487 713 471 708 454 696 446L400 146C388 133 375 125 354 125 338 125 325 129 313 142 300 154 292 171 292 187 292 204 296 221 308 233L563 492 304 771C292 783 288 800 288 817 288 833 296 850 308 863 321 871 338 875 354 875 371 875 388 867 400 854L696 533Z\"><\/path><\/svg>\t\t\t\t\t\t\t<span class=\"elementor-screen-only\">Pr\u00f3ximo slide<\/span>\n\t\t\t\t\t\t<\/div>\n\t\t\t\t\t\t\t\t\t\t\t\t<\/div>\n\t\t<\/div>\n\t\t\t\t<\/div>\n\t\t\t\t<\/div>\n\t\t\t\t<\/div>\n\t\t<div class=\"elementor-element elementor-element-e10765f e-con-full e-flex e-con e-parent\" data-id=\"e10765f\" data-element_type=\"container\" data-settings=\"{&quot;content_width&quot;:&quot;full&quot;}\" data-core-v316-plus=\"true\">\n\t\t<div class=\"elementor-element elementor-element-91aedc9 e-con-full e-flex e-con e-child\" data-id=\"91aedc9\" data-element_type=\"container\" data-settings=\"{&quot;content_width&quot;:&quot;full&quot;,&quot;background_background&quot;:&quot;classic&quot;}\">\n\t\t\t\t<div class=\"elementor-element elementor-element-3c8b0c6 elementor-invisible elementor-widget elementor-widget-text-editor\" data-id=\"3c8b0c6\" data-element_type=\"widget\" data-settings=\"{&quot;_animation&quot;:&quot;fadeInDown&quot;,&quot;_animation_mobile&quot;:&quot;fadeInLeft&quot;}\" data-widget_type=\"text-editor.default\">\n\t\t\t\t<div class=\"elementor-widget-container\">\n\t\t\t<style>\/*! elementor - v3.19.0 - 07-02-2024 *\/\n.elementor-widget-text-editor.elementor-drop-cap-view-stacked .elementor-drop-cap{background-color:#69727d;color:#fff}.elementor-widget-text-editor.elementor-drop-cap-view-framed .elementor-drop-cap{color:#69727d;border:3px solid;background-color:transparent}.elementor-widget-text-editor:not(.elementor-drop-cap-view-default) .elementor-drop-cap{margin-top:8px}.elementor-widget-text-editor:not(.elementor-drop-cap-view-default) .elementor-drop-cap-letter{width:1em;height:1em}.elementor-widget-text-editor .elementor-drop-cap{float:left;text-align:center;line-height:1;font-size:50px}.elementor-widget-text-editor .elementor-drop-cap-letter{display:inline-block}<\/style>\t\t\t\t<p><img fetchpriority=\"high\" decoding=\"async\" class=\"alignnone size-full wp-image-343\" src=\"https:\/\/agemark.com.br\/projetos\/aporteira\/wp-content\/uploads\/2024\/02\/repente-02.png\" alt=\"\" width=\"542\" height=\"470\" srcset=\"https:\/\/agemark.com.br\/projetos\/aporteira\/wp-content\/uploads\/2024\/02\/repente-02.png 542w, https:\/\/agemark.com.br\/projetos\/aporteira\/wp-content\/uploads\/2024\/02\/repente-02-300x260.png 300w\" sizes=\"(max-width: 542px) 100vw, 542px\" \/><\/p>\t\t\t\t\t\t<\/div>\n\t\t\t\t<\/div>\n\t\t\t\t<\/div>\n\t\t<div class=\"elementor-element elementor-element-b025ed8 e-con-full e-flex e-con e-child\" data-id=\"b025ed8\" data-element_type=\"container\" data-settings=\"{&quot;content_width&quot;:&quot;full&quot;}\">\n\t\t\t\t<div class=\"elementor-element elementor-element-a7eea9c im elementor-widget elementor-widget-text-editor\" data-id=\"a7eea9c\" data-element_type=\"widget\" data-widget_type=\"text-editor.default\">\n\t\t\t\t<div class=\"elementor-widget-container\">\n\t\t\t\t\t\t\t<p><img decoding=\"async\" class=\"alignnone size-full wp-image-358\" src=\"https:\/\/agemark.com.br\/projetos\/aporteira\/wp-content\/uploads\/2024\/03\/sertaneja-.png\" alt=\"\" width=\"916\" height=\"809\" srcset=\"https:\/\/agemark.com.br\/projetos\/aporteira\/wp-content\/uploads\/2024\/03\/sertaneja-.png 916w, https:\/\/agemark.com.br\/projetos\/aporteira\/wp-content\/uploads\/2024\/03\/sertaneja--300x265.png 300w, https:\/\/agemark.com.br\/projetos\/aporteira\/wp-content\/uploads\/2024\/03\/sertaneja--768x678.png 768w\" sizes=\"(max-width: 916px) 100vw, 916px\" \/><\/p>\t\t\t\t\t\t<\/div>\n\t\t\t\t<\/div>\n\t\t\t\t<\/div>\n\t\t\t\t<\/div>\n\t\t<div class=\"elementor-element elementor-element-2b49db3 e-flex e-con-boxed e-con e-parent\" data-id=\"2b49db3\" data-element_type=\"container\" data-settings=\"{&quot;background_background&quot;:&quot;classic&quot;,&quot;content_width&quot;:&quot;boxed&quot;}\" data-core-v316-plus=\"true\">\n\t\t\t\t\t<div class=\"e-con-inner\">\n\t\t\t\t<div class=\"elementor-element elementor-element-5929ca4 titLI2 elementor-invisible elementor-widget elementor-widget-heading\" data-id=\"5929ca4\" data-element_type=\"widget\" data-settings=\"{&quot;_animation&quot;:&quot;fadeInDown&quot;}\" data-widget_type=\"heading.default\">\n\t\t\t\t<div class=\"elementor-widget-container\">\n\t\t\t<style>\/*! elementor - v3.19.0 - 07-02-2024 *\/\n.elementor-heading-title{padding:0;margin:0;line-height:1}.elementor-widget-heading .elementor-heading-title[class*=elementor-size-]>a{color:inherit;font-size:inherit;line-height:inherit}.elementor-widget-heading .elementor-heading-title.elementor-size-small{font-size:15px}.elementor-widget-heading .elementor-heading-title.elementor-size-medium{font-size:19px}.elementor-widget-heading .elementor-heading-title.elementor-size-large{font-size:29px}.elementor-widget-heading .elementor-heading-title.elementor-size-xl{font-size:39px}.elementor-widget-heading .elementor-heading-title.elementor-size-xxl{font-size:59px}<\/style><h3 class=\"elementor-heading-title elementor-size-default\"><span>Nossos card\u00e1pios<\/span><\/h3>\t\t<\/div>\n\t\t\t\t<\/div>\n\t\t<div class=\"elementor-element elementor-element-2f93dab e-flex e-con-boxed e-con e-child\" data-id=\"2f93dab\" data-element_type=\"container\" data-settings=\"{&quot;content_width&quot;:&quot;boxed&quot;}\">\n\t\t\t\t\t<div class=\"e-con-inner\">\n\t\t<div class=\"elementor-element elementor-element-98ecc18 e-con-full e-flex e-con e-child\" data-id=\"98ecc18\" data-element_type=\"container\" data-settings=\"{&quot;content_width&quot;:&quot;full&quot;}\">\n\t\t\t\t<div class=\"elementor-element elementor-element-f2d1a36 elementor-invisible elementor-widget elementor-widget-text-editor\" data-id=\"f2d1a36\" data-element_type=\"widget\" data-settings=\"{&quot;_animation&quot;:&quot;fadeInLeft&quot;}\" data-widget_type=\"text-editor.default\">\n\t\t\t\t<div class=\"elementor-widget-container\">\n\t\t\t\t\t\t\t<p><img decoding=\"async\" class=\"alignnone size-full wp-image-108\" src=\"https:\/\/agemark.com.br\/projetos\/aporteira\/wp-content\/uploads\/2024\/02\/cardappio-01.png\" alt=\"\" width=\"524\" height=\"522\" srcset=\"https:\/\/agemark.com.br\/projetos\/aporteira\/wp-content\/uploads\/2024\/02\/cardappio-01.png 524w, https:\/\/agemark.com.br\/projetos\/aporteira\/wp-content\/uploads\/2024\/02\/cardappio-01-300x300.png 300w, https:\/\/agemark.com.br\/projetos\/aporteira\/wp-content\/uploads\/2024\/02\/cardappio-01-150x150.png 150w\" sizes=\"(max-width: 524px) 100vw, 524px\" \/><\/p>\t\t\t\t\t\t<\/div>\n\t\t\t\t<\/div>\n\t\t\t\t<\/div>\n\t\t<div class=\"elementor-element elementor-element-0ffe828 e-con-full e-flex e-con e-child\" data-id=\"0ffe828\" data-element_type=\"container\" data-settings=\"{&quot;content_width&quot;:&quot;full&quot;}\">\n\t\t\t\t<div class=\"elementor-element elementor-element-ef87229 elementor-invisible elementor-widget elementor-widget-text-editor\" data-id=\"ef87229\" data-element_type=\"widget\" data-settings=\"{&quot;_animation&quot;:&quot;fadeInRight&quot;}\" data-widget_type=\"text-editor.default\">\n\t\t\t\t<div class=\"elementor-widget-container\">\n\t\t\t\t\t\t\t<p><img loading=\"lazy\" decoding=\"async\" class=\"alignnone size-full wp-image-109\" src=\"https:\/\/agemark.com.br\/projetos\/aporteira\/wp-content\/uploads\/2024\/02\/cardappio-02.png\" alt=\"\" width=\"523\" height=\"522\" srcset=\"https:\/\/agemark.com.br\/projetos\/aporteira\/wp-content\/uploads\/2024\/02\/cardappio-02.png 523w, https:\/\/agemark.com.br\/projetos\/aporteira\/wp-content\/uploads\/2024\/02\/cardappio-02-300x300.png 300w, https:\/\/agemark.com.br\/projetos\/aporteira\/wp-content\/uploads\/2024\/02\/cardappio-02-150x150.png 150w\" sizes=\"(max-width: 523px) 100vw, 523px\" \/><\/p>\t\t\t\t\t\t<\/div>\n\t\t\t\t<\/div>\n\t\t\t\t<\/div>\n\t\t\t\t\t<\/div>\n\t\t\t\t<\/div>\n\t\t\t\t<div class=\"elementor-element elementor-element-e7d6d50 elementor-invisible elementor-widget elementor-widget-text-editor\" data-id=\"e7d6d50\" data-element_type=\"widget\" data-settings=\"{&quot;_animation&quot;:&quot;fadeInUp&quot;}\" data-widget_type=\"text-editor.default\">\n\t\t\t\t<div class=\"elementor-widget-container\">\n\t\t\t\t\t\t\t<p>Clique no seu card\u00e1pio de prefer\u00eancia e fa\u00e7a seu pedido.<\/p>\t\t\t\t\t\t<\/div>\n\t\t\t\t<\/div>\n\t\t\t\t\t<\/div>\n\t\t\t\t<\/div>\n\t\t<div class=\"elementor-element elementor-element-d81f993 e-con-full e-flex e-con e-parent\" data-id=\"d81f993\" data-element_type=\"container\" data-settings=\"{&quot;content_width&quot;:&quot;full&quot;,&quot;background_background&quot;:&quot;classic&quot;}\" data-core-v316-plus=\"true\">\n\t\t<div class=\"elementor-element elementor-element-b1407a8 e-flex e-con-boxed e-con e-child\" data-id=\"b1407a8\" data-element_type=\"container\" data-settings=\"{&quot;content_width&quot;:&quot;boxed&quot;}\">\n\t\t\t\t\t<div class=\"e-con-inner\">\n\t\t\t\t<div class=\"elementor-element elementor-element-6cc1017 titLI3 elementor-invisible elementor-widget elementor-widget-heading\" data-id=\"6cc1017\" data-element_type=\"widget\" data-settings=\"{&quot;_animation&quot;:&quot;fadeInDown&quot;}\" data-widget_type=\"heading.default\">\n\t\t\t\t<div class=\"elementor-widget-container\">\n\t\t\t<h3 class=\"elementor-heading-title elementor-size-default\"><span>CONHE\u00c7A NOSSAS INSTALA\u00c7\u00d5ES<\/span><\/h3>\t\t<\/div>\n\t\t\t\t<\/div>\n\t\t\t\t\t<\/div>\n\t\t\t\t<\/div>\n\t\t<div class=\"elementor-element elementor-element-d828f43 e-con-full elementor-hidden-tablet elementor-hidden-mobile e-flex e-con e-child\" data-id=\"d828f43\" data-element_type=\"container\" data-settings=\"{&quot;content_width&quot;:&quot;full&quot;,&quot;background_background&quot;:&quot;classic&quot;}\">\n\t\t<div class=\"elementor-element elementor-element-446725b e-con-full floatTitulo e-flex elementor-invisible e-con e-child\" data-id=\"446725b\" data-element_type=\"container\" data-settings=\"{&quot;content_width&quot;:&quot;full&quot;,&quot;background_background&quot;:&quot;classic&quot;,&quot;animation&quot;:&quot;fadeInUp&quot;}\">\n\t\t\t\t<div class=\"elementor-element elementor-element-9ccf39f elementor-widget elementor-widget-heading\" data-id=\"9ccf39f\" data-element_type=\"widget\" data-widget_type=\"heading.default\">\n\t\t\t\t<div class=\"elementor-widget-container\">\n\t\t\t<h2 class=\"elementor-heading-title elementor-size-default\">Dique do Toror\u00f3<\/h2>\t\t<\/div>\n\t\t\t\t<\/div>\n\t\t\t\t<div class=\"elementor-element elementor-element-8f019b2 elementor-widget elementor-widget-text-editor\" data-id=\"8f019b2\" data-element_type=\"widget\" data-widget_type=\"text-editor.default\">\n\t\t\t\t<div class=\"elementor-widget-container\">\n\t\t\t\t\t\t\t<p>Av. Vasco da Gama, S\/N &#8211; Nazar\u00e9, Salvador &#8211; BA, 40301-110<\/p>\t\t\t\t\t\t<\/div>\n\t\t\t\t<\/div>\n\t\t\t\t<\/div>\n\t\t\t\t<div class=\"elementor-element elementor-element-0413c95 im elementor-widget elementor-widget-text-editor\" data-id=\"0413c95\" data-element_type=\"widget\" data-widget_type=\"text-editor.default\">\n\t\t\t\t<div class=\"elementor-widget-container\">\n\t\t\t\t\t\t\t<p><img loading=\"lazy\" decoding=\"async\" class=\"alignnone size-full wp-image-120\" src=\"https:\/\/agemark.com.br\/projetos\/aporteira\/wp-content\/uploads\/2024\/02\/unidade-01.jpg\" alt=\"\" width=\"1920\" height=\"475\" srcset=\"https:\/\/agemark.com.br\/projetos\/aporteira\/wp-content\/uploads\/2024\/02\/unidade-01.jpg 1920w, https:\/\/agemark.com.br\/projetos\/aporteira\/wp-content\/uploads\/2024\/02\/unidade-01-300x74.jpg 300w, https:\/\/agemark.com.br\/projetos\/aporteira\/wp-content\/uploads\/2024\/02\/unidade-01-1024x253.jpg 1024w, https:\/\/agemark.com.br\/projetos\/aporteira\/wp-content\/uploads\/2024\/02\/unidade-01-768x190.jpg 768w, https:\/\/agemark.com.br\/projetos\/aporteira\/wp-content\/uploads\/2024\/02\/unidade-01-1536x380.jpg 1536w\" sizes=\"(max-width: 1920px) 100vw, 1920px\" \/><\/p>\t\t\t\t\t\t<\/div>\n\t\t\t\t<\/div>\n\t\t\t\t<\/div>\n\t\t<div class=\"elementor-element elementor-element-8861526 e-con-full elementor-hidden-tablet elementor-hidden-mobile e-flex e-con e-child\" data-id=\"8861526\" data-element_type=\"container\" data-settings=\"{&quot;content_width&quot;:&quot;full&quot;}\">\n\t\t<div class=\"elementor-element elementor-element-3139c13 e-con-full floatTitulo e-flex elementor-invisible e-con e-child\" data-id=\"3139c13\" data-element_type=\"container\" data-settings=\"{&quot;content_width&quot;:&quot;full&quot;,&quot;background_background&quot;:&quot;classic&quot;,&quot;animation&quot;:&quot;fadeInUp&quot;}\">\n\t\t\t\t<div class=\"elementor-element elementor-element-8114ca6 elementor-widget elementor-widget-heading\" data-id=\"8114ca6\" data-element_type=\"widget\" data-widget_type=\"heading.default\">\n\t\t\t\t<div class=\"elementor-widget-container\">\n\t\t\t<h2 class=\"elementor-heading-title elementor-size-default\">BOCA DO RIO<\/h2>\t\t<\/div>\n\t\t\t\t<\/div>\n\t\t\t\t<div class=\"elementor-element elementor-element-491b0df elementor-widget elementor-widget-text-editor\" data-id=\"491b0df\" data-element_type=\"widget\" data-widget_type=\"text-editor.default\">\n\t\t\t\t<div class=\"elementor-widget-container\">\n\t\t\t\t\t\t\t<p>Av. Dom Eug\u00eanio Sales, 96 &#8211; Boca do Rio, Salvador &#8211; BA, 41706-670<\/p>\t\t\t\t\t\t<\/div>\n\t\t\t\t<\/div>\n\t\t\t\t<\/div>\n\t\t\t\t<div class=\"elementor-element elementor-element-54d8aef im elementor-widget elementor-widget-text-editor\" data-id=\"54d8aef\" data-element_type=\"widget\" data-widget_type=\"text-editor.default\">\n\t\t\t\t<div class=\"elementor-widget-container\">\n\t\t\t\t\t\t\t<p><img loading=\"lazy\" decoding=\"async\" class=\"alignnone size-full wp-image-121\" src=\"https:\/\/agemark.com.br\/projetos\/aporteira\/wp-content\/uploads\/2024\/02\/unidade-02.jpg\" alt=\"\" width=\"1920\" height=\"478\" srcset=\"https:\/\/agemark.com.br\/projetos\/aporteira\/wp-content\/uploads\/2024\/02\/unidade-02.jpg 1920w, https:\/\/agemark.com.br\/projetos\/aporteira\/wp-content\/uploads\/2024\/02\/unidade-02-300x75.jpg 300w, https:\/\/agemark.com.br\/projetos\/aporteira\/wp-content\/uploads\/2024\/02\/unidade-02-1024x255.jpg 1024w, https:\/\/agemark.com.br\/projetos\/aporteira\/wp-content\/uploads\/2024\/02\/unidade-02-768x191.jpg 768w, https:\/\/agemark.com.br\/projetos\/aporteira\/wp-content\/uploads\/2024\/02\/unidade-02-1536x382.jpg 1536w\" sizes=\"(max-width: 1920px) 100vw, 1920px\" \/><\/p>\t\t\t\t\t\t<\/div>\n\t\t\t\t<\/div>\n\t\t\t\t<\/div>\n\t\t\t\t<\/div>\n\t\t<div class=\"elementor-element elementor-element-74b2af3 elementor-hidden-desktop e-flex e-con-boxed e-con e-parent\" data-id=\"74b2af3\" data-element_type=\"container\" data-settings=\"{&quot;content_width&quot;:&quot;boxed&quot;}\" data-core-v316-plus=\"true\">\n\t\t\t\t\t<div class=\"e-con-inner\">\n\t\t<div class=\"elementor-element elementor-element-fdf7086 e-flex e-con-boxed e-con e-child\" data-id=\"fdf7086\" data-element_type=\"container\" data-settings=\"{&quot;content_width&quot;:&quot;boxed&quot;}\">\n\t\t\t\t\t<div class=\"e-con-inner\">\n\t\t\t\t<div class=\"elementor-element elementor-element-01683e7 elementor-widget elementor-widget-text-editor\" data-id=\"01683e7\" data-element_type=\"widget\" data-widget_type=\"text-editor.default\">\n\t\t\t\t<div class=\"elementor-widget-container\">\n\t\t\t\t\t\t\t<p><img loading=\"lazy\" decoding=\"async\" class=\"alignnone size-full wp-image-403\" src=\"https:\/\/agemark.com.br\/projetos\/aporteira\/wp-content\/uploads\/2024\/03\/GALERIA-MOBILE-DIQUE-DO-TORORo-1.png\" alt=\"\" width=\"1081\" height=\"2329\" srcset=\"https:\/\/agemark.com.br\/projetos\/aporteira\/wp-content\/uploads\/2024\/03\/GALERIA-MOBILE-DIQUE-DO-TORORo-1.png 1081w, https:\/\/agemark.com.br\/projetos\/aporteira\/wp-content\/uploads\/2024\/03\/GALERIA-MOBILE-DIQUE-DO-TORORo-1-139x300.png 139w, https:\/\/agemark.com.br\/projetos\/aporteira\/wp-content\/uploads\/2024\/03\/GALERIA-MOBILE-DIQUE-DO-TORORo-1-475x1024.png 475w, https:\/\/agemark.com.br\/projetos\/aporteira\/wp-content\/uploads\/2024\/03\/GALERIA-MOBILE-DIQUE-DO-TORORo-1-768x1655.png 768w, https:\/\/agemark.com.br\/projetos\/aporteira\/wp-content\/uploads\/2024\/03\/GALERIA-MOBILE-DIQUE-DO-TORORo-1-713x1536.png 713w, https:\/\/agemark.com.br\/projetos\/aporteira\/wp-content\/uploads\/2024\/03\/GALERIA-MOBILE-DIQUE-DO-TORORo-1-951x2048.png 951w\" sizes=\"(max-width: 1081px) 100vw, 1081px\" \/><\/p>\t\t\t\t\t\t<\/div>\n\t\t\t\t<\/div>\n\t\t\t\t\t<\/div>\n\t\t\t\t<\/div>\n\t\t<div class=\"elementor-element elementor-element-ee0d355 e-con-full e-flex e-con e-child\" data-id=\"ee0d355\" data-element_type=\"container\" data-settings=\"{&quot;content_width&quot;:&quot;full&quot;}\">\n\t\t\t\t<div class=\"elementor-element elementor-element-36b79b8 elementor-widget elementor-widget-text-editor\" data-id=\"36b79b8\" data-element_type=\"widget\" data-widget_type=\"text-editor.default\">\n\t\t\t\t<div class=\"elementor-widget-container\">\n\t\t\t\t\t\t\t<p><img loading=\"lazy\" decoding=\"async\" class=\"alignnone size-full wp-image-404\" src=\"https:\/\/agemark.com.br\/projetos\/aporteira\/wp-content\/uploads\/2024\/03\/GALERIA-MOBILE-BOCA-DO-RIO-1.png\" alt=\"\" width=\"1081\" height=\"2332\" srcset=\"https:\/\/agemark.com.br\/projetos\/aporteira\/wp-content\/uploads\/2024\/03\/GALERIA-MOBILE-BOCA-DO-RIO-1.png 1081w, https:\/\/agemark.com.br\/projetos\/aporteira\/wp-content\/uploads\/2024\/03\/GALERIA-MOBILE-BOCA-DO-RIO-1-139x300.png 139w, https:\/\/agemark.com.br\/projetos\/aporteira\/wp-content\/uploads\/2024\/03\/GALERIA-MOBILE-BOCA-DO-RIO-1-475x1024.png 475w, https:\/\/agemark.com.br\/projetos\/aporteira\/wp-content\/uploads\/2024\/03\/GALERIA-MOBILE-BOCA-DO-RIO-1-768x1657.png 768w, https:\/\/agemark.com.br\/projetos\/aporteira\/wp-content\/uploads\/2024\/03\/GALERIA-MOBILE-BOCA-DO-RIO-1-712x1536.png 712w, https:\/\/agemark.com.br\/projetos\/aporteira\/wp-content\/uploads\/2024\/03\/GALERIA-MOBILE-BOCA-DO-RIO-1-949x2048.png 949w\" sizes=\"(max-width: 1081px) 100vw, 1081px\" \/><\/p>\t\t\t\t\t\t<\/div>\n\t\t\t\t<\/div>\n\t\t\t\t<\/div>\n\t\t\t\t\t<\/div>\n\t\t\t\t<\/div>\n\t\t\t\t<\/div>\n\t\t","protected":false},"excerpt":{"rendered":"<p>Previous slide Next slide Nossos card\u00e1pios Clique no seu card\u00e1pio de prefer\u00eancia e fa\u00e7a seu pedido. CONHE\u00c7A NOSSAS INSTALA\u00c7\u00d5ES Dique do Toror\u00f3 Av. Vasco da Gama, S\/N &#8211; Nazar\u00e9, Salvador &#8211; BA, 40301-110 BOCA DO RIO Av. Dom Eug\u00eanio Sales, &hellip; <a href=\"https:\/\/agemark.com.br\/projetos\/aporteira\/\">Continue lendo <span class=\"meta-nav\">&rarr;<\/span><\/a><\/p>\n","protected":false},"author":1,"featured_media":0,"parent":0,"menu_order":0,"comment_status":"closed","ping_status":"closed","template":"elementor_header_footer","meta":{"footnotes":""},"class_list":["post-8","page","type-page","status-publish","hentry"],"_links":{"self":[{"href":"https:\/\/agemark.com.br\/projetos\/aporteira\/index.php?rest_route=\/wp\/v2\/pages\/8","targetHints":{"allow":["GET"]}}],"collection":[{"href":"https:\/\/agemark.com.br\/projetos\/aporteira\/index.php?rest_route=\/wp\/v2\/pages"}],"about":[{"href":"https:\/\/agemark.com.br\/projetos\/aporteira\/index.php?rest_route=\/wp\/v2\/types\/page"}],"author":[{"embeddable":true,"href":"https:\/\/agemark.com.br\/projetos\/aporteira\/index.php?rest_route=\/wp\/v2\/users\/1"}],"replies":[{"embeddable":true,"href":"https:\/\/agemark.com.br\/projetos\/aporteira\/index.php?rest_route=%2Fwp%2Fv2%2Fcomments&post=8"}],"version-history":[{"count":76,"href":"https:\/\/agemark.com.br\/projetos\/aporteira\/index.php?rest_route=\/wp\/v2\/pages\/8\/revisions"}],"predecessor-version":[{"id":407,"href":"https:\/\/agemark.com.br\/projetos\/aporteira\/index.php?rest_route=\/wp\/v2\/pages\/8\/revisions\/407"}],"wp:attachment":[{"href":"https:\/\/agemark.com.br\/projetos\/aporteira\/index.php?rest_route=%2Fwp%2Fv2%2Fmedia&parent=8"}],"curies":[{"name":"wp","href":"https:\/\/api.w.org\/{rel}","templated":true}]}}