{"id":23,"date":"2024-02-19T14:01:19","date_gmt":"2024-02-19T17:01:19","guid":{"rendered":"https:\/\/agemark.com.br\/projetos\/aporteira\/?page_id=23"},"modified":"2024-03-01T15:27:22","modified_gmt":"2024-03-01T18:27:22","slug":"eventos","status":"publish","type":"page","link":"https:\/\/agemark.com.br\/projetos\/aporteira\/?page_id=23","title":{"rendered":"Eventos"},"content":{"rendered":"\t\t<div data-elementor-type=\"wp-page\" data-elementor-id=\"23\" class=\"elementor elementor-23\" data-elementor-post-type=\"page\">\n\t\t\t\t<div class=\"elementor-element elementor-element-d65ef3f e-flex e-con-boxed e-con e-parent\" data-id=\"d65ef3f\" data-element_type=\"container\" data-settings=\"{&quot;background_background&quot;:&quot;classic&quot;,&quot;content_width&quot;:&quot;boxed&quot;}\" data-core-v316-plus=\"true\">\n\t\t\t\t\t<div class=\"e-con-inner\">\n\t\t\t\t<div class=\"elementor-element elementor-element-87eddb3 elementor-invisible elementor-widget elementor-widget-heading\" data-id=\"87eddb3\" data-element_type=\"widget\" data-settings=\"{&quot;_animation&quot;:&quot;fadeInDown&quot;}\" data-widget_type=\"heading.default\">\n\t\t\t\t<div class=\"elementor-widget-container\">\n\t\t\t<style>\/*! elementor - v3.19.0 - 07-02-2024 *\/\n.elementor-heading-title{padding:0;margin:0;line-height:1}.elementor-widget-heading .elementor-heading-title[class*=elementor-size-]>a{color:inherit;font-size:inherit;line-height:inherit}.elementor-widget-heading .elementor-heading-title.elementor-size-small{font-size:15px}.elementor-widget-heading .elementor-heading-title.elementor-size-medium{font-size:19px}.elementor-widget-heading .elementor-heading-title.elementor-size-large{font-size:29px}.elementor-widget-heading .elementor-heading-title.elementor-size-xl{font-size:39px}.elementor-widget-heading .elementor-heading-title.elementor-size-xxl{font-size:59px}<\/style><h2 class=\"elementor-heading-title elementor-size-default\">EVENTOS<\/h2>\t\t<\/div>\n\t\t\t\t<\/div>\n\t\t\t\t\t<\/div>\n\t\t\t\t<\/div>\n\t\t<div class=\"elementor-element elementor-element-437517f e-flex e-con-boxed e-con e-parent\" data-id=\"437517f\" data-element_type=\"container\" data-settings=\"{&quot;content_width&quot;:&quot;boxed&quot;}\" data-core-v316-plus=\"true\">\n\t\t\t\t\t<div class=\"e-con-inner\">\n\t\t\t\t<div class=\"elementor-element elementor-element-a81b42d elementor-invisible elementor-widget elementor-widget-text-editor\" data-id=\"a81b42d\" data-element_type=\"widget\" data-settings=\"{&quot;_animation&quot;:&quot;fadeInDown&quot;}\" data-widget_type=\"text-editor.default\">\n\t\t\t\t<div class=\"elementor-widget-container\">\n\t\t\t<style>\/*! elementor - v3.19.0 - 07-02-2024 *\/\n.elementor-widget-text-editor.elementor-drop-cap-view-stacked .elementor-drop-cap{background-color:#69727d;color:#fff}.elementor-widget-text-editor.elementor-drop-cap-view-framed .elementor-drop-cap{color:#69727d;border:3px solid;background-color:transparent}.elementor-widget-text-editor:not(.elementor-drop-cap-view-default) .elementor-drop-cap{margin-top:8px}.elementor-widget-text-editor:not(.elementor-drop-cap-view-default) .elementor-drop-cap-letter{width:1em;height:1em}.elementor-widget-text-editor .elementor-drop-cap{float:left;text-align:center;line-height:1;font-size:50px}.elementor-widget-text-editor .elementor-drop-cap-letter{display:inline-block}<\/style>\t\t\t\t\t\t\t\t\t\t<\/div>\n\t\t\t\t<\/div>\n\t\t\t\t<div class=\"elementor-element elementor-element-f4a74a0 elementor-widget elementor-widget-heading\" data-id=\"f4a74a0\" data-element_type=\"widget\" data-widget_type=\"heading.default\">\n\t\t\t\t<div class=\"elementor-widget-container\">\n\t\t\t<h2 class=\"elementor-heading-title elementor-size-default\">Queremos fazer parte dos seus melhores momentos!<\/h2>\t\t<\/div>\n\t\t\t\t<\/div>\n\t\t\t\t<div class=\"elementor-element elementor-element-4ca4a04 int elementor-widget elementor-widget-text-editor\" data-id=\"4ca4a04\" data-element_type=\"widget\" data-widget_type=\"text-editor.default\">\n\t\t\t\t<div class=\"elementor-widget-container\">\n\t\t\t\t\t\t\t<p>Confraterniza\u00e7\u00e3o, anivers\u00e1rio, casamento ou reuni\u00e3o: Possu\u00edmos a estrutura ideal para a sua comemora\u00e7\u00e3o.<\/p><ul><li><strong>\u2022<\/strong> Ambiente amplo e climatizado<\/li><li><strong>\u2022<\/strong> Diferentes sal\u00f5es<\/li><li><strong>\u2022<\/strong> Menu espec\u00edfico para diferentes eventos<\/li><li><strong>\u2022<\/strong> Comida que valoriza a cultura regional<\/li><li><strong>\u2022<\/strong> Bebidas variadas (Drinks, whisky, vinho e cervejas)<\/li><\/ul>\t\t\t\t\t\t<\/div>\n\t\t\t\t<\/div>\n\t\t<div class=\"elementor-element elementor-element-e4f0f23 e-flex e-con-boxed e-con e-child\" data-id=\"e4f0f23\" data-element_type=\"container\" data-settings=\"{&quot;content_width&quot;:&quot;boxed&quot;}\">\n\t\t\t\t\t<div class=\"e-con-inner\">\n\t\t\t\t<div class=\"elementor-element elementor-element-37516a4 elementor-widget elementor-widget-heading\" data-id=\"37516a4\" data-element_type=\"widget\" data-widget_type=\"heading.default\">\n\t\t\t\t<div class=\"elementor-widget-container\">\n\t\t\t<h3 class=\"elementor-heading-title elementor-size-default\">Conhe\u00e7a:<\/h3>\t\t<\/div>\n\t\t\t\t<\/div>\n\t\t<div class=\"elementor-element elementor-element-ad3fbe0 e-flex e-con-boxed e-con e-child\" data-id=\"ad3fbe0\" data-element_type=\"container\" data-settings=\"{&quot;content_width&quot;:&quot;boxed&quot;}\">\n\t\t\t\t\t<div class=\"e-con-inner\">\n\t\t\t\t<div class=\"elementor-element elementor-element-3b1cde2 elementor-invisible elementor-widget elementor-widget-heading\" data-id=\"3b1cde2\" data-element_type=\"widget\" data-settings=\"{&quot;_animation&quot;:&quot;fadeInDown&quot;}\" data-widget_type=\"heading.default\">\n\t\t\t\t<div class=\"elementor-widget-container\">\n\t\t\t<h4 class=\"elementor-heading-title elementor-size-default\">Unidade Boca do Rio<\/h4>\t\t<\/div>\n\t\t\t\t<\/div>\n\t\t\t\t<div class=\"elementor-element elementor-element-82b1072 elementor-invisible elementor-widget elementor-widget-text-editor\" data-id=\"82b1072\" data-element_type=\"widget\" data-settings=\"{&quot;_animation&quot;:&quot;fadeInUp&quot;}\" data-widget_type=\"text-editor.default\">\n\t\t\t\t<div class=\"elementor-widget-container\">\n\t\t\t\t\t\t\t<p><img fetchpriority=\"high\" decoding=\"async\" class=\"alignnone size-full wp-image-379\" src=\"https:\/\/agemark.com.br\/projetos\/aporteira\/wp-content\/uploads\/2024\/03\/uni-02.png\" alt=\"\" width=\"1605\" height=\"415\" srcset=\"https:\/\/agemark.com.br\/projetos\/aporteira\/wp-content\/uploads\/2024\/03\/uni-02.png 1605w, https:\/\/agemark.com.br\/projetos\/aporteira\/wp-content\/uploads\/2024\/03\/uni-02-300x78.png 300w, https:\/\/agemark.com.br\/projetos\/aporteira\/wp-content\/uploads\/2024\/03\/uni-02-1024x265.png 1024w, https:\/\/agemark.com.br\/projetos\/aporteira\/wp-content\/uploads\/2024\/03\/uni-02-768x199.png 768w, https:\/\/agemark.com.br\/projetos\/aporteira\/wp-content\/uploads\/2024\/03\/uni-02-1536x397.png 1536w\" sizes=\"(max-width: 1605px) 100vw, 1605px\" \/><\/p>\t\t\t\t\t\t<\/div>\n\t\t\t\t<\/div>\n\t\t\t\t\t<\/div>\n\t\t\t\t<\/div>\n\t\t<div class=\"elementor-element elementor-element-8bb4f28 e-flex e-con-boxed e-con e-child\" data-id=\"8bb4f28\" data-element_type=\"container\" data-settings=\"{&quot;content_width&quot;:&quot;boxed&quot;}\">\n\t\t\t\t\t<div class=\"e-con-inner\">\n\t\t\t\t<div class=\"elementor-element elementor-element-e817b96 elementor-invisible elementor-widget elementor-widget-heading\" data-id=\"e817b96\" data-element_type=\"widget\" data-settings=\"{&quot;_animation&quot;:&quot;fadeInDown&quot;}\" data-widget_type=\"heading.default\">\n\t\t\t\t<div class=\"elementor-widget-container\">\n\t\t\t<h4 class=\"elementor-heading-title elementor-size-default\">Unidade Dique do Toror\u00f3<\/h4>\t\t<\/div>\n\t\t\t\t<\/div>\n\t\t\t\t<div class=\"elementor-element elementor-element-608c8e0 elementor-invisible elementor-widget elementor-widget-text-editor\" data-id=\"608c8e0\" data-element_type=\"widget\" data-settings=\"{&quot;_animation&quot;:&quot;fadeInUp&quot;}\" data-widget_type=\"text-editor.default\">\n\t\t\t\t<div class=\"elementor-widget-container\">\n\t\t\t\t\t\t\t<p><img decoding=\"async\" class=\"alignnone size-full wp-image-380\" src=\"https:\/\/agemark.com.br\/projetos\/aporteira\/wp-content\/uploads\/2024\/03\/uni-03.png\" alt=\"\" width=\"1605\" height=\"415\" srcset=\"https:\/\/agemark.com.br\/projetos\/aporteira\/wp-content\/uploads\/2024\/03\/uni-03.png 1605w, https:\/\/agemark.com.br\/projetos\/aporteira\/wp-content\/uploads\/2024\/03\/uni-03-300x78.png 300w, https:\/\/agemark.com.br\/projetos\/aporteira\/wp-content\/uploads\/2024\/03\/uni-03-1024x265.png 1024w, https:\/\/agemark.com.br\/projetos\/aporteira\/wp-content\/uploads\/2024\/03\/uni-03-768x199.png 768w, https:\/\/agemark.com.br\/projetos\/aporteira\/wp-content\/uploads\/2024\/03\/uni-03-1536x397.png 1536w\" sizes=\"(max-width: 1605px) 100vw, 1605px\" \/><\/p>\t\t\t\t\t\t<\/div>\n\t\t\t\t<\/div>\n\t\t\t\t\t<\/div>\n\t\t\t\t<\/div>\n\t\t\t\t\t<\/div>\n\t\t\t\t<\/div>\n\t\t<div class=\"elementor-element elementor-element-0fa87f6 e-flex e-con-boxed e-con e-child\" data-id=\"0fa87f6\" data-element_type=\"container\" data-settings=\"{&quot;content_width&quot;:&quot;boxed&quot;}\">\n\t\t\t\t\t<div class=\"e-con-inner\">\n\t\t\t\t<div class=\"elementor-element elementor-element-a2a1260 elementor-widget elementor-widget-heading\" data-id=\"a2a1260\" data-element_type=\"widget\" data-widget_type=\"heading.default\">\n\t\t\t\t<div class=\"elementor-widget-container\">\n\t\t\t<h3 class=\"elementor-heading-title elementor-size-default\">Fa\u00e7a sua reserva:<\/h3>\t\t<\/div>\n\t\t\t\t<\/div>\n\t\t\t\t<div class=\"elementor-element elementor-element-245e63b elementor-widget elementor-widget-text-editor\" data-id=\"245e63b\" data-element_type=\"widget\" data-widget_type=\"text-editor.default\">\n\t\t\t\t<div class=\"elementor-widget-container\">\n\t\t\t\t\t\t\t<p>Tel.: 71 3382-7808 | 99124-2887<br \/>WhatsApp: 71 99124-2887<\/p>\t\t\t\t\t\t<\/div>\n\t\t\t\t<\/div>\n\t\t\t\t\t<\/div>\n\t\t\t\t<\/div>\n\t\t\t\t\t<\/div>\n\t\t\t\t<\/div>\n\t\t\t\t<\/div>\n\t\t","protected":false},"excerpt":{"rendered":"<p>EVENTOS Queremos fazer parte dos seus melhores momentos! Confraterniza\u00e7\u00e3o, anivers\u00e1rio, casamento ou reuni\u00e3o: Possu\u00edmos a estrutura ideal para a sua comemora\u00e7\u00e3o. \u2022 Ambiente amplo e climatizado \u2022 Diferentes sal\u00f5es \u2022 Menu espec\u00edfico para diferentes eventos \u2022 Comida que valoriza a &hellip; <a href=\"https:\/\/agemark.com.br\/projetos\/aporteira\/?page_id=23\">Continue lendo <span class=\"meta-nav\">&rarr;<\/span><\/a><\/p>\n","protected":false},"author":1,"featured_media":0,"parent":0,"menu_order":0,"comment_status":"closed","ping_status":"closed","template":"elementor_header_footer","meta":{"footnotes":""},"class_list":["post-23","page","type-page","status-publish","hentry"],"_links":{"self":[{"href":"https:\/\/agemark.com.br\/projetos\/aporteira\/index.php?rest_route=\/wp\/v2\/pages\/23","targetHints":{"allow":["GET"]}}],"collection":[{"href":"https:\/\/agemark.com.br\/projetos\/aporteira\/index.php?rest_route=\/wp\/v2\/pages"}],"about":[{"href":"https:\/\/agemark.com.br\/projetos\/aporteira\/index.php?rest_route=\/wp\/v2\/types\/page"}],"author":[{"embeddable":true,"href":"https:\/\/agemark.com.br\/projetos\/aporteira\/index.php?rest_route=\/wp\/v2\/users\/1"}],"replies":[{"embeddable":true,"href":"https:\/\/agemark.com.br\/projetos\/aporteira\/index.php?rest_route=%2Fwp%2Fv2%2Fcomments&post=23"}],"version-history":[{"count":31,"href":"https:\/\/agemark.com.br\/projetos\/aporteira\/index.php?rest_route=\/wp\/v2\/pages\/23\/revisions"}],"predecessor-version":[{"id":399,"href":"https:\/\/agemark.com.br\/projetos\/aporteira\/index.php?rest_route=\/wp\/v2\/pages\/23\/revisions\/399"}],"wp:attachment":[{"href":"https:\/\/agemark.com.br\/projetos\/aporteira\/index.php?rest_route=%2Fwp%2Fv2%2Fmedia&parent=23"}],"curies":[{"name":"wp","href":"https:\/\/api.w.org\/{rel}","templated":true}]}}