{"id":10,"date":"2024-02-19T13:54:58","date_gmt":"2024-02-19T16:54:58","guid":{"rendered":"https:\/\/agemark.com.br\/projetos\/aporteira\/?page_id=10"},"modified":"2024-02-29T11:44:52","modified_gmt":"2024-02-29T14:44:52","slug":"o-restaurante","status":"publish","type":"page","link":"https:\/\/agemark.com.br\/projetos\/aporteira\/?page_id=10","title":{"rendered":"O Restaurante"},"content":{"rendered":"\t\t<div data-elementor-type=\"wp-page\" data-elementor-id=\"10\" class=\"elementor elementor-10\" data-elementor-post-type=\"page\">\n\t\t\t\t<div class=\"elementor-element elementor-element-6493520 e-con-full e-flex e-con e-parent\" data-id=\"6493520\" data-element_type=\"container\" data-settings=\"{&quot;content_width&quot;:&quot;full&quot;,&quot;background_background&quot;:&quot;classic&quot;}\" data-core-v316-plus=\"true\">\n\t\t<div class=\"elementor-element elementor-element-a18fedd e-flex e-con-boxed e-con e-child\" data-id=\"a18fedd\" data-element_type=\"container\" data-settings=\"{&quot;content_width&quot;:&quot;boxed&quot;}\">\n\t\t\t\t\t<div class=\"e-con-inner\">\n\t\t\t\t<div class=\"elementor-element elementor-element-18fa868 elementor-invisible elementor-widget elementor-widget-heading\" data-id=\"18fa868\" data-element_type=\"widget\" data-settings=\"{&quot;_animation&quot;:&quot;fadeInDown&quot;}\" data-widget_type=\"heading.default\">\n\t\t\t\t<div class=\"elementor-widget-container\">\n\t\t\t<style>\/*! elementor - v3.19.0 - 07-02-2024 *\/\n.elementor-heading-title{padding:0;margin:0;line-height:1}.elementor-widget-heading .elementor-heading-title[class*=elementor-size-]>a{color:inherit;font-size:inherit;line-height:inherit}.elementor-widget-heading .elementor-heading-title.elementor-size-small{font-size:15px}.elementor-widget-heading .elementor-heading-title.elementor-size-medium{font-size:19px}.elementor-widget-heading .elementor-heading-title.elementor-size-large{font-size:29px}.elementor-widget-heading .elementor-heading-title.elementor-size-xl{font-size:39px}.elementor-widget-heading .elementor-heading-title.elementor-size-xxl{font-size:59px}<\/style><h1 class=\"elementor-heading-title elementor-size-default\">O Restaurante<\/h1>\t\t<\/div>\n\t\t\t\t<\/div>\n\t\t\t\t<div class=\"elementor-element elementor-element-5ae70ff tx elementor-invisible elementor-widget elementor-widget-text-editor\" data-id=\"5ae70ff\" data-element_type=\"widget\" data-settings=\"{&quot;_animation&quot;:&quot;fadeInUp&quot;}\" data-widget_type=\"text-editor.default\">\n\t\t\t\t<div class=\"elementor-widget-container\">\n\t\t\t<style>\/*! elementor - v3.19.0 - 07-02-2024 *\/\n.elementor-widget-text-editor.elementor-drop-cap-view-stacked .elementor-drop-cap{background-color:#69727d;color:#fff}.elementor-widget-text-editor.elementor-drop-cap-view-framed .elementor-drop-cap{color:#69727d;border:3px solid;background-color:transparent}.elementor-widget-text-editor:not(.elementor-drop-cap-view-default) .elementor-drop-cap{margin-top:8px}.elementor-widget-text-editor:not(.elementor-drop-cap-view-default) .elementor-drop-cap-letter{width:1em;height:1em}.elementor-widget-text-editor .elementor-drop-cap{float:left;text-align:center;line-height:1;font-size:50px}.elementor-widget-text-editor .elementor-drop-cap-letter{display:inline-block}<\/style>\t\t\t\t<p><img fetchpriority=\"high\" decoding=\"async\" class=\"alignnone size-full wp-image-134\" src=\"https:\/\/agemark.com.br\/projetos\/aporteira\/wp-content\/uploads\/2024\/02\/destaque-restaurante.png\" alt=\"\" width=\"561\" height=\"382\" srcset=\"https:\/\/agemark.com.br\/projetos\/aporteira\/wp-content\/uploads\/2024\/02\/destaque-restaurante.png 561w, https:\/\/agemark.com.br\/projetos\/aporteira\/wp-content\/uploads\/2024\/02\/destaque-restaurante-300x204.png 300w\" sizes=\"(max-width: 561px) 100vw, 561px\" \/><\/p><p>A Porteira \u00e9 a pioneira em Culin\u00e1ria Nordestina. N\u00e3o \u00e9 \u00e0 toa que estamos, h\u00e1 mais de trinta anos, oferecendo gastronomia de qualidade com um toque de cultura regional.<br \/>Nossos produtos possuem alto n\u00edvel de qualidade e sabor.<br \/>A carne de sol, por exemplo, \u00e9 produzida nos nossos restaurantes, de acordo com os rigorosos Controles de Qualidade e Autoriza\u00e7\u00e3o do Minist\u00e9rio da Agricultura.<br \/>O nosso atendimento diferenciado pode ser conferido nos endere\u00e7os de A Porteira: Boca do rio e Dique do Toror\u00f3, em Salvador.<\/p>\t\t\t\t\t\t<\/div>\n\t\t\t\t<\/div>\n\t\t\t\t\t<\/div>\n\t\t\t\t<\/div>\n\t\t<div class=\"elementor-element elementor-element-c171485 e-flex e-con-boxed e-con e-child\" data-id=\"c171485\" data-element_type=\"container\" data-settings=\"{&quot;content_width&quot;:&quot;boxed&quot;}\">\n\t\t\t\t\t<div class=\"e-con-inner\">\n\t\t\t\t<div class=\"elementor-element elementor-element-28d5358 titLI3 elementor-widget elementor-widget-heading\" data-id=\"28d5358\" data-element_type=\"widget\" data-widget_type=\"heading.default\">\n\t\t\t\t<div class=\"elementor-widget-container\">\n\t\t\t<h3 class=\"elementor-heading-title elementor-size-default\"><span>Premia\u00e7\u00f5es<\/span><\/h3>\t\t<\/div>\n\t\t\t\t<\/div>\n\t\t<div class=\"elementor-element elementor-element-fc0f678 e-flex e-con-boxed e-con e-child\" data-id=\"fc0f678\" data-element_type=\"container\" data-settings=\"{&quot;content_width&quot;:&quot;boxed&quot;}\">\n\t\t\t\t\t<div class=\"e-con-inner\">\n\t\t<div class=\"elementor-element elementor-element-513fa92 e-flex e-con-boxed e-con e-child\" data-id=\"513fa92\" data-element_type=\"container\" data-settings=\"{&quot;content_width&quot;:&quot;boxed&quot;}\">\n\t\t\t\t\t<div class=\"e-con-inner\">\n\t\t<div class=\"elementor-element elementor-element-8dcf43e e-flex e-con-boxed e-con e-child\" data-id=\"8dcf43e\" data-element_type=\"container\" data-settings=\"{&quot;content_width&quot;:&quot;boxed&quot;}\">\n\t\t\t\t\t<div class=\"e-con-inner\">\n\t\t\t\t<div class=\"elementor-element elementor-element-2d6d2d3 elementor-invisible elementor-widget elementor-widget-text-editor\" data-id=\"2d6d2d3\" data-element_type=\"widget\" data-settings=\"{&quot;_animation&quot;:&quot;fadeInDown&quot;}\" data-widget_type=\"text-editor.default\">\n\t\t\t\t<div class=\"elementor-widget-container\">\n\t\t\t\t\t\t\t<p><img decoding=\"async\" class=\"alignnone size-full wp-image-146\" src=\"https:\/\/agemark.com.br\/projetos\/aporteira\/wp-content\/uploads\/2024\/02\/trofeu.png\" alt=\"\" width=\"186\" height=\"131\" \/><\/p>\t\t\t\t\t\t<\/div>\n\t\t\t\t<\/div>\n\t\t<div class=\"elementor-element elementor-element-1767578 e-con-full e-flex elementor-invisible e-con e-child\" data-id=\"1767578\" data-element_type=\"container\" data-settings=\"{&quot;content_width&quot;:&quot;full&quot;,&quot;background_background&quot;:&quot;classic&quot;,&quot;animation&quot;:&quot;fadeInUp&quot;}\">\n\t\t\t\t<div class=\"elementor-element elementor-element-92b4a83 elementor-widget elementor-widget-heading\" data-id=\"92b4a83\" data-element_type=\"widget\" data-widget_type=\"heading.default\">\n\t\t\t\t<div class=\"elementor-widget-container\">\n\t\t\t<h2 class=\"elementor-heading-title elementor-size-default\">Embrape 1991\/1992<\/h2>\t\t<\/div>\n\t\t\t\t<\/div>\n\t\t\t\t<div class=\"elementor-element elementor-element-1f87502 elementor-widget elementor-widget-text-editor\" data-id=\"1f87502\" data-element_type=\"widget\" data-widget_type=\"text-editor.default\">\n\t\t\t\t<div class=\"elementor-widget-container\">\n\t\t\t\t\t\t\t<p>Pela prefer\u00eancia da simpatia p\u00fablica.<\/p>\t\t\t\t\t\t<\/div>\n\t\t\t\t<\/div>\n\t\t\t\t<\/div>\n\t\t\t\t\t<\/div>\n\t\t\t\t<\/div>\n\t\t<div class=\"elementor-element elementor-element-26d0fac e-flex e-con-boxed e-con e-child\" data-id=\"26d0fac\" data-element_type=\"container\" data-settings=\"{&quot;content_width&quot;:&quot;boxed&quot;}\">\n\t\t\t\t\t<div class=\"e-con-inner\">\n\t\t\t\t<div class=\"elementor-element elementor-element-89e76c8 elementor-invisible elementor-widget elementor-widget-text-editor\" data-id=\"89e76c8\" data-element_type=\"widget\" data-settings=\"{&quot;_animation&quot;:&quot;fadeInDown&quot;}\" data-widget_type=\"text-editor.default\">\n\t\t\t\t<div class=\"elementor-widget-container\">\n\t\t\t\t\t\t\t<p><img decoding=\"async\" class=\"alignnone size-full wp-image-146\" src=\"https:\/\/agemark.com.br\/projetos\/aporteira\/wp-content\/uploads\/2024\/02\/trofeu.png\" alt=\"\" width=\"186\" height=\"131\" \/><\/p>\t\t\t\t\t\t<\/div>\n\t\t\t\t<\/div>\n\t\t<div class=\"elementor-element elementor-element-5f25f3e e-con-full e-flex elementor-invisible e-con e-child\" data-id=\"5f25f3e\" data-element_type=\"container\" data-settings=\"{&quot;content_width&quot;:&quot;full&quot;,&quot;background_background&quot;:&quot;classic&quot;,&quot;animation&quot;:&quot;fadeInUp&quot;}\">\n\t\t\t\t<div class=\"elementor-element elementor-element-6acfe17 elementor-widget elementor-widget-heading\" data-id=\"6acfe17\" data-element_type=\"widget\" data-widget_type=\"heading.default\">\n\t\t\t\t<div class=\"elementor-widget-container\">\n\t\t\t<h2 class=\"elementor-heading-title elementor-size-default\">Qualidade Brasil 1992<\/h2>\t\t<\/div>\n\t\t\t\t<\/div>\n\t\t\t\t<div class=\"elementor-element elementor-element-56c3cec elementor-widget elementor-widget-text-editor\" data-id=\"56c3cec\" data-element_type=\"widget\" data-widget_type=\"text-editor.default\">\n\t\t\t\t<div class=\"elementor-widget-container\">\n\t\t\t\t\t\t\t<p>De acordo com a opini\u00e3o p\u00fablica.<\/p>\t\t\t\t\t\t<\/div>\n\t\t\t\t<\/div>\n\t\t\t\t<\/div>\n\t\t\t\t\t<\/div>\n\t\t\t\t<\/div>\n\t\t\t\t\t<\/div>\n\t\t\t\t<\/div>\n\t\t<div class=\"elementor-element elementor-element-c8c2a79 e-flex e-con-boxed e-con e-child\" data-id=\"c8c2a79\" data-element_type=\"container\" data-settings=\"{&quot;content_width&quot;:&quot;boxed&quot;}\">\n\t\t\t\t\t<div class=\"e-con-inner\">\n\t\t<div class=\"elementor-element elementor-element-a6b42d7 e-flex e-con-boxed e-con e-child\" data-id=\"a6b42d7\" data-element_type=\"container\" data-settings=\"{&quot;content_width&quot;:&quot;boxed&quot;}\">\n\t\t\t\t\t<div class=\"e-con-inner\">\n\t\t\t\t<div class=\"elementor-element elementor-element-e4b4271 elementor-invisible elementor-widget elementor-widget-text-editor\" data-id=\"e4b4271\" data-element_type=\"widget\" data-settings=\"{&quot;_animation&quot;:&quot;fadeInDown&quot;}\" data-widget_type=\"text-editor.default\">\n\t\t\t\t<div class=\"elementor-widget-container\">\n\t\t\t\t\t\t\t<p><img decoding=\"async\" class=\"alignnone size-full wp-image-146\" src=\"https:\/\/agemark.com.br\/projetos\/aporteira\/wp-content\/uploads\/2024\/02\/trofeu.png\" alt=\"\" width=\"186\" height=\"131\" \/><\/p>\t\t\t\t\t\t<\/div>\n\t\t\t\t<\/div>\n\t\t<div class=\"elementor-element elementor-element-c91b851 e-con-full e-flex elementor-invisible e-con e-child\" data-id=\"c91b851\" data-element_type=\"container\" data-settings=\"{&quot;content_width&quot;:&quot;full&quot;,&quot;background_background&quot;:&quot;classic&quot;,&quot;animation&quot;:&quot;fadeInUp&quot;}\">\n\t\t\t\t<div class=\"elementor-element elementor-element-9ec8896 elementor-widget elementor-widget-heading\" data-id=\"9ec8896\" data-element_type=\"widget\" data-widget_type=\"heading.default\">\n\t\t\t\t<div class=\"elementor-widget-container\">\n\t\t\t<h2 class=\"elementor-heading-title elementor-size-default\">Veja Salvador 2001\/2002\/2003<\/h2>\t\t<\/div>\n\t\t\t\t<\/div>\n\t\t\t\t<div class=\"elementor-element elementor-element-22100ae elementor-widget elementor-widget-text-editor\" data-id=\"22100ae\" data-element_type=\"widget\" data-widget_type=\"text-editor.default\">\n\t\t\t\t<div class=\"elementor-widget-container\">\n\t\t\t\t\t\t\t<p>Pelo melhor restaurante regional \/ sertanejo.<\/p>\t\t\t\t\t\t<\/div>\n\t\t\t\t<\/div>\n\t\t\t\t<\/div>\n\t\t\t\t\t<\/div>\n\t\t\t\t<\/div>\n\t\t<div class=\"elementor-element elementor-element-b834360 e-flex e-con-boxed e-con e-child\" data-id=\"b834360\" data-element_type=\"container\" data-settings=\"{&quot;content_width&quot;:&quot;boxed&quot;}\">\n\t\t\t\t\t<div class=\"e-con-inner\">\n\t\t\t\t<div class=\"elementor-element elementor-element-8253c63 elementor-invisible elementor-widget elementor-widget-text-editor\" data-id=\"8253c63\" data-element_type=\"widget\" data-settings=\"{&quot;_animation&quot;:&quot;fadeInDown&quot;}\" data-widget_type=\"text-editor.default\">\n\t\t\t\t<div class=\"elementor-widget-container\">\n\t\t\t\t\t\t\t<p><img decoding=\"async\" class=\"alignnone size-full wp-image-146\" src=\"https:\/\/agemark.com.br\/projetos\/aporteira\/wp-content\/uploads\/2024\/02\/trofeu.png\" alt=\"\" width=\"186\" height=\"131\" \/><\/p>\t\t\t\t\t\t<\/div>\n\t\t\t\t<\/div>\n\t\t<div class=\"elementor-element elementor-element-81a7c37 e-con-full e-flex elementor-invisible e-con e-child\" data-id=\"81a7c37\" data-element_type=\"container\" data-settings=\"{&quot;content_width&quot;:&quot;full&quot;,&quot;background_background&quot;:&quot;classic&quot;,&quot;animation&quot;:&quot;fadeInUp&quot;}\">\n\t\t\t\t<div class=\"elementor-element elementor-element-0337020 elementor-widget elementor-widget-heading\" data-id=\"0337020\" data-element_type=\"widget\" data-widget_type=\"heading.default\">\n\t\t\t\t<div class=\"elementor-widget-container\">\n\t\t\t<h2 class=\"elementor-heading-title elementor-size-default\">QUALIDADE BAHIATURSA 2011\/2012<\/h2>\t\t<\/div>\n\t\t\t\t<\/div>\n\t\t\t\t<div class=\"elementor-element elementor-element-0c17c71 elementor-widget elementor-widget-text-editor\" data-id=\"0c17c71\" data-element_type=\"widget\" data-widget_type=\"text-editor.default\">\n\t\t\t\t<div class=\"elementor-widget-container\">\n\t\t\t\t\t\t\t<p>Por Excel\u00eancia de Controle de Qualidade.<\/p>\t\t\t\t\t\t<\/div>\n\t\t\t\t<\/div>\n\t\t\t\t<\/div>\n\t\t\t\t\t<\/div>\n\t\t\t\t<\/div>\n\t\t\t\t\t<\/div>\n\t\t\t\t<\/div>\n\t\t<div class=\"elementor-element elementor-element-33004c4 e-flex e-con-boxed e-con e-child\" data-id=\"33004c4\" data-element_type=\"container\" data-settings=\"{&quot;content_width&quot;:&quot;boxed&quot;}\">\n\t\t\t\t\t<div class=\"e-con-inner\">\n\t\t<div class=\"elementor-element elementor-element-54e210f e-con-full e-flex e-con e-child\" data-id=\"54e210f\" data-element_type=\"container\" data-settings=\"{&quot;content_width&quot;:&quot;full&quot;}\">\n\t\t\t\t<div class=\"elementor-element elementor-element-4c98f05 elementor-invisible elementor-widget elementor-widget-text-editor\" data-id=\"4c98f05\" data-element_type=\"widget\" data-settings=\"{&quot;_animation&quot;:&quot;fadeInDown&quot;}\" data-widget_type=\"text-editor.default\">\n\t\t\t\t<div class=\"elementor-widget-container\">\n\t\t\t\t\t\t\t<p><img decoding=\"async\" class=\"alignnone size-full wp-image-146\" src=\"https:\/\/agemark.com.br\/projetos\/aporteira\/wp-content\/uploads\/2024\/02\/trofeu.png\" alt=\"\" width=\"186\" height=\"131\" \/><\/p>\t\t\t\t\t\t<\/div>\n\t\t\t\t<\/div>\n\t\t<div class=\"elementor-element elementor-element-bab4dd4 e-con-full e-flex elementor-invisible e-con e-child\" data-id=\"bab4dd4\" data-element_type=\"container\" data-settings=\"{&quot;content_width&quot;:&quot;full&quot;,&quot;background_background&quot;:&quot;classic&quot;,&quot;animation&quot;:&quot;fadeInUp&quot;}\">\n\t\t\t\t<div class=\"elementor-element elementor-element-2998a9b elementor-widget elementor-widget-heading\" data-id=\"2998a9b\" data-element_type=\"widget\" data-widget_type=\"heading.default\">\n\t\t\t\t<div class=\"elementor-widget-container\">\n\t\t\t<h2 class=\"elementor-heading-title elementor-size-default\">INDICA\u00c7\u00c3O VEJA SALVADOR<\/h2>\t\t<\/div>\n\t\t\t\t<\/div>\n\t\t\t\t<div class=\"elementor-element elementor-element-7f0e85c elementor-widget elementor-widget-text-editor\" data-id=\"7f0e85c\" data-element_type=\"widget\" data-widget_type=\"text-editor.default\">\n\t\t\t\t<div class=\"elementor-widget-container\">\n\t\t\t\t\t\t\t<p>2018\/2019 como a melhor carne<\/p>\t\t\t\t\t\t<\/div>\n\t\t\t\t<\/div>\n\t\t\t\t<\/div>\n\t\t\t\t<\/div>\n\t\t\t\t\t<\/div>\n\t\t\t\t<\/div>\n\t\t\t\t\t<\/div>\n\t\t\t\t<\/div>\n\t\t\t\t\t<\/div>\n\t\t\t\t<\/div>\n\t\t\t\t<\/div>\n\t\t\t\t<\/div>\n\t\t","protected":false},"excerpt":{"rendered":"<p>A Porteira \u00e9 a pioneira em Culin\u00e1ria Nordestina. N\u00e3o \u00e9 \u00e0 toa que estamos, h\u00e1 mais de trinta anos, oferecendo gastronomia de qualidade com um toque de cultura regional.Nossos produtos possuem alto n\u00edvel de qualidade e sabor.A carne de sol, &hellip; <a href=\"https:\/\/agemark.com.br\/projetos\/aporteira\/?page_id=10\">Continue lendo <span class=\"meta-nav\">&rarr;<\/span><\/a><\/p>\n","protected":false},"author":1,"featured_media":0,"parent":0,"menu_order":0,"comment_status":"closed","ping_status":"closed","template":"elementor_header_footer","meta":{"footnotes":""},"class_list":["post-10","page","type-page","status-publish","hentry"],"_links":{"self":[{"href":"https:\/\/agemark.com.br\/projetos\/aporteira\/index.php?rest_route=\/wp\/v2\/pages\/10","targetHints":{"allow":["GET"]}}],"collection":[{"href":"https:\/\/agemark.com.br\/projetos\/aporteira\/index.php?rest_route=\/wp\/v2\/pages"}],"about":[{"href":"https:\/\/agemark.com.br\/projetos\/aporteira\/index.php?rest_route=\/wp\/v2\/types\/page"}],"author":[{"embeddable":true,"href":"https:\/\/agemark.com.br\/projetos\/aporteira\/index.php?rest_route=\/wp\/v2\/users\/1"}],"replies":[{"embeddable":true,"href":"https:\/\/agemark.com.br\/projetos\/aporteira\/index.php?rest_route=%2Fwp%2Fv2%2Fcomments&post=10"}],"version-history":[{"count":31,"href":"https:\/\/agemark.com.br\/projetos\/aporteira\/index.php?rest_route=\/wp\/v2\/pages\/10\/revisions"}],"predecessor-version":[{"id":341,"href":"https:\/\/agemark.com.br\/projetos\/aporteira\/index.php?rest_route=\/wp\/v2\/pages\/10\/revisions\/341"}],"wp:attachment":[{"href":"https:\/\/agemark.com.br\/projetos\/aporteira\/index.php?rest_route=%2Fwp%2Fv2%2Fmedia&parent=10"}],"curies":[{"name":"wp","href":"https:\/\/api.w.org\/{rel}","templated":true}]}}